{"id":1254,"date":"2025-04-23T12:05:13","date_gmt":"2025-04-23T10:05:13","guid":{"rendered":"https:\/\/plateforme.hopital-foch.com\/?page_id=1254"},"modified":"2025-04-23T12:05:14","modified_gmt":"2025-04-23T10:05:14","slug":"demande-de-rendez-vous-institut-de-la-sante-de-la-femme-et-de-la-fertilite","status":"publish","type":"page","link":"https:\/\/plateforme.hopital-foch.com\/fr\/demande-de-rendez-vous-institut-de-la-sante-de-la-femme-et-de-la-fertilite\/","title":{"rendered":"Demande de rendez-vous \u2014 Institut de la Sant\u00e9 de la Femme et de la Fertilit\u00e9"},"content":{"rendered":"<script type=\"text\/javascript\">var gform;gform||(document.addEventListener(\"gform_main_scripts_loaded\",function(){gform.scriptsLoaded=!0}),window.addEventListener(\"DOMContentLoaded\",function(){gform.domLoaded=!0}),gform={domLoaded:!1,scriptsLoaded:!1,initializeOnLoaded:function(o){gform.domLoaded&&gform.scriptsLoaded?o():!gform.domLoaded&&gform.scriptsLoaded?window.addEventListener(\"DOMContentLoaded\",o):document.addEventListener(\"gform_main_scripts_loaded\",o)},hooks:{action:{},filter:{}},addAction:function(o,n,r,t){gform.addHook(\"action\",o,n,r,t)},addFilter:function(o,n,r,t){gform.addHook(\"filter\",o,n,r,t)},doAction:function(o){gform.doHook(\"action\",o,arguments)},applyFilters:function(o){return gform.doHook(\"filter\",o,arguments)},removeAction:function(o,n){gform.removeHook(\"action\",o,n)},removeFilter:function(o,n,r){gform.removeHook(\"filter\",o,n,r)},addHook:function(o,n,r,t,i){null==gform.hooks[o][n]&&(gform.hooks[o][n]=[]);var e=gform.hooks[o][n];null==i&&(i=n+\"_\"+e.length),gform.hooks[o][n].push({tag:i,callable:r,priority:t=null==t?10:t})},doHook:function(n,o,r){var t;if(r=Array.prototype.slice.call(r,1),null!=gform.hooks[n][o]&&((o=gform.hooks[n][o]).sort(function(o,n){return o.priority-n.priority}),o.forEach(function(o){\"function\"!=typeof(t=o.callable)&&(t=window[t]),\"action\"==n?t.apply(null,r):r[0]=t.apply(null,r)})),\"filter\"==n)return r[0]},removeHook:function(o,n,t,i){var r;null!=gform.hooks[o][n]&&(r=(r=gform.hooks[o][n]).filter(function(o,n,r){return!!(null!=i&&i!=o.tag||null!=t&&t!=o.priority)}),gform.hooks[o][n]=r)}});<\/script>\n                <div class=\"gf_browser_gecko gform_wrapper gravity-theme gform-theme--no-framework\" data-form-theme=\"gravity-theme\" data-form-index=\"0\" id=\"gform_wrapper_39\">\n                        <div class=\"gform_heading\">\n                            <h2 class=\"gform_title\">Demande de rendez-vous \u2014&nbsp;IS2F<\/h2>\n                            <p class=\"gform_description\">Prenez rendez-vous \u00e0 l\u2019Institut de la Sant\u00e9 de la Femme et de la Fertilit\u00e9<\/p>\n                        <\/div><form method=\"post\" enctype=\"multipart\/form-data\" id=\"gform_39\" action=\"\/fr\/wp-json\/wp\/v2\/pages\/1254\" data-formid=\"39\" novalidate>\n                        <div class=\"gform-body gform_body\"><div id=\"gform_fields_39\" class=\"gform_fields top_label form_sublabel_below description_below\"><div id=\"field_39_1\" class=\"gfield gfield--type-text gfield--width-third gfield_contains_required field_sublabel_below gfield--no-description field_description_below gfield_visibility_visible\" data-js-reload=\"field_39_1\"><label class=\"gfield_label gform-field-label\" for=\"input_39_1\">Nom de naissance<span class=\"gfield_required\"><span class=\"gfield_required gfield_required_text\">(N\u00e9cessaire)<\/span><\/span><\/label><div class=\"ginput_container ginput_container_text\"><input name=\"input_1\" id=\"input_39_1\" type=\"text\" value class=\"large\" aria-required=\"true\" aria-invalid=\"false\"> <\/div><\/div><div id=\"field_39_3\" class=\"gfield gfield--type-text gfield--width-third field_sublabel_below gfield--no-description field_description_below gfield_visibility_visible\" data-js-reload=\"field_39_3\"><label class=\"gfield_label gform-field-label\" for=\"input_39_3\">Nom marital le cas \u00e9ch\u00e9ant<\/label><div class=\"ginput_container ginput_container_text\"><input name=\"input_3\" id=\"input_39_3\" type=\"text\" value class=\"large\" aria-invalid=\"false\"> <\/div><\/div><div id=\"field_39_4\" class=\"gfield gfield--type-text gfield--width-third gfield_contains_required field_sublabel_below gfield--no-description field_description_below gfield_visibility_visible\" data-js-reload=\"field_39_4\"><label class=\"gfield_label gform-field-label\" for=\"input_39_4\">Pr\u00e9nom<span class=\"gfield_required\"><span class=\"gfield_required gfield_required_text\">(N\u00e9cessaire)<\/span><\/span><\/label><div class=\"ginput_container ginput_container_text\"><input name=\"input_4\" id=\"input_39_4\" type=\"text\" value class=\"large\" aria-required=\"true\" aria-invalid=\"false\"> <\/div><\/div><div id=\"field_39_5\" class=\"gfield gfield--type-date gfield--input-type-datepicker gfield--datepicker-no-icon gfield--width-full gfield_contains_required field_sublabel_below gfield--no-description field_description_below gfield_visibility_visible\" data-js-reload=\"field_39_5\"><label class=\"gfield_label gform-field-label\" for=\"input_39_5\">Date de naissance<span class=\"gfield_required\"><span class=\"gfield_required gfield_required_text\">(N\u00e9cessaire)<\/span><\/span><\/label><div class=\"ginput_container ginput_container_date\">\n                            <input name=\"input_5\" id=\"input_39_5\" type=\"text\" value class=\"datepicker gform-datepicker dmy datepicker_no_icon gdatepicker-no-icon\" placeholder=\"jj\/mm\/aaaa\" aria-describedby=\"input_39_5_date_format\" aria-invalid=\"false\" aria-required=\"true\">\n                            <span id=\"input_39_5_date_format\" class=\"screen-reader-text\">JJ slash MM slash&nbsp;AAAA<\/span>\n                        <\/div>\n                        <input type=\"hidden\" id=\"gforms_calendar_icon_input_39_5\" class=\"gform_hidden\" value=\"https:\/\/plateforme.hopital-foch.com\/wp-content\/plugins\/gravityforms\/images\/datepicker\/datepicker.svg\"><\/div><fieldset id=\"field_39_6\" class=\"gfield gfield--type-address gfield--width-full gfield_contains_required field_sublabel_below gfield--no-description field_description_below gfield_visibility_visible\" data-js-reload=\"field_39_6\"><legend class=\"gfield_label gform-field-label gfield_label_before_complex\">Adresse<span class=\"gfield_required\"><span class=\"gfield_required gfield_required_text\">(N\u00e9cessaire)<\/span><\/span><\/legend>    \n                    <div class=\"ginput_complex ginput_container has_street has_city has_zip ginput_container_address gform-grid-row\" id=\"input_39_6\">\n                         <span class=\"ginput_full address_line_1 ginput_address_line_1 gform-grid-col\" id=\"input_39_6_1_container\">\n                                        <input type=\"text\" name=\"input_6.1\" id=\"input_39_6_1\" value aria-required=\"true\">\n                                        <label for=\"input_39_6_1\" id=\"input_39_6_1_label\" class=\"gform-field-label gform-field-label--type-sub \">Adresse postale<\/label>\n                                    <\/span><span class=\"ginput_left address_city ginput_address_city gform-grid-col\" id=\"input_39_6_3_container\">\n                                    <input type=\"text\" name=\"input_6.3\" id=\"input_39_6_3\" value aria-required=\"true\">\n                                    <label for=\"input_39_6_3\" id=\"input_39_6_3_label\" class=\"gform-field-label gform-field-label--type-sub \">Ville<\/label>\n                                 <\/span><input type=\"hidden\" class=\"gform_hidden\" name=\"input_6.4\" id=\"input_39_6_4\" value><span class=\"ginput_right address_zip ginput_address_zip gform-grid-col\" id=\"input_39_6_5_container\">\n                                    <input type=\"text\" name=\"input_6.5\" id=\"input_39_6_5\" value aria-required=\"true\">\n                                    <label for=\"input_39_6_5\" id=\"input_39_6_5_label\" class=\"gform-field-label gform-field-label--type-sub \">ZIP \/ Code postal<\/label>\n                                <\/span><input type=\"hidden\" class=\"gform_hidden\" name=\"input_6.6\" id=\"input_39_6_6\" value>\n                    <div class=\"gf_clear gf_clear_complex\"><\/div>\n                <\/div><\/fieldset><div id=\"field_39_7\" class=\"gfield gfield--type-phone gfield--width-full gfield_contains_required field_sublabel_below gfield--no-description field_description_below gfield_visibility_visible\" data-js-reload=\"field_39_7\"><label class=\"gfield_label gform-field-label\" for=\"input_39_7\">T\u00e9l\u00e9phone<span class=\"gfield_required\"><span class=\"gfield_required gfield_required_text\">(N\u00e9cessaire)<\/span><\/span><\/label><div class=\"ginput_container ginput_container_phone\"><input name=\"input_7\" id=\"input_39_7\" type=\"tel\" value class=\"large\" aria-required=\"true\" aria-invalid=\"false\"><\/div><\/div><div id=\"field_39_8\" class=\"gfield gfield--type-email gfield--width-full gfield_contains_required field_sublabel_below gfield--no-description field_description_below gfield_visibility_visible\" data-js-reload=\"field_39_8\"><label class=\"gfield_label gform-field-label\" for=\"input_39_8\">E\u2011mail<span class=\"gfield_required\"><span class=\"gfield_required gfield_required_text\">(N\u00e9cessaire)<\/span><\/span><\/label><div class=\"ginput_container ginput_container_email\">\n                            <input name=\"input_8\" id=\"input_39_8\" type=\"email\" value class=\"large\" aria-required=\"true\" aria-invalid=\"false\">\n                        <\/div><\/div><div id=\"field_39_10\" class=\"gfield gfield--type-select gfield--width-full gfield_contains_required field_sublabel_below gfield--has-description field_description_below gfield_visibility_visible\" data-js-reload=\"field_39_10\"><label class=\"gfield_label gform-field-label\" for=\"input_39_10\">Motif de consultation<span class=\"gfield_required\"><span class=\"gfield_required gfield_required_text\">(N\u00e9cessaire)<\/span><\/span><\/label><div class=\"ginput_container ginput_container_select\"><select name=\"input_10\" id=\"input_39_10\" class=\"large gfield_select\" aria-describedby=\"gfield_description_39_10\" aria-required=\"true\" aria-invalid=\"false\"><option value=\"Fertilit\u00e9\">Fertilit\u00e9<\/option><option value=\"Gyn\u00e9cologie simple\">Gyn\u00e9cologie simple<\/option><option value=\"Chirurgie gyn\u00e9cologique\">Chirurgie gyn\u00e9cologique<\/option><\/select><\/div><div class=\"gfield_description\" id=\"gfield_description_39_10\">Aucune demande de pr\u00e9servation de fertilit\u00e9 ou d\u2019aide m\u00e9dicale \u00e0 la procr\u00e9ation ne sera trait\u00e9e via ce formulaire. Nous vous invitons pour ces motifs \u00e0 vous rendre sur la page du service d\u2019AMP.<\/div><\/div><fieldset id=\"field_39_13\" class=\"gfield gfield--type-checkbox gfield--type-choice gfield--width-full gfield_contains_required field_sublabel_below gfield--no-description field_description_below gfield_visibility_visible\" data-js-reload=\"field_39_13\"><legend class=\"gfield_label gform-field-label gfield_label_before_complex\">\u00cates-vous d\u00e9j\u00e0 suivie \u00e0 Foch&nbsp;?<span class=\"gfield_required\"><span class=\"gfield_required gfield_required_text\">(N\u00e9cessaire)<\/span><\/span><\/legend><div class=\"ginput_container ginput_container_checkbox\"><div class=\"gfield_checkbox\" id=\"input_39_13\"><div class=\"gchoice gchoice_39_13_1\">\n\t\t\t\t\t\t\t\t<input class=\"gfield-choice-input\" name=\"input_13.1\" type=\"checkbox\" value=\"Oui\" id=\"choice_39_13_1\">\n\t\t\t\t\t\t\t\t<label for=\"choice_39_13_1\" id=\"label_39_13_1\" class=\"gform-field-label gform-field-label--type-inline\">Oui<\/label>\n\t\t\t\t\t\t\t<\/div><div class=\"gchoice gchoice_39_13_2\">\n\t\t\t\t\t\t\t\t<input class=\"gfield-choice-input\" name=\"input_13.2\" type=\"checkbox\" value=\"Non\" id=\"choice_39_13_2\">\n\t\t\t\t\t\t\t\t<label for=\"choice_39_13_2\" id=\"label_39_13_2\" class=\"gform-field-label gform-field-label--type-inline\">Non<\/label>\n\t\t\t\t\t\t\t<\/div><\/div><\/div><\/fieldset><\/div><\/div>\n        <div class=\"gform_footer before\"> <input type=\"submit\" id=\"gform_submit_button_39\" class=\"gform_button button\" value=\"Envoyer\" onclick=\"if(window[&quot;gf_submitting_39&quot;]){return false;}  if( !jQuery(&quot;#gform_39&quot;)[0].checkValidity || jQuery(&quot;#gform_39&quot;)[0].checkValidity()){window[&quot;gf_submitting_39&quot;]=true;}  \" onkeypress=\"if( event.keyCode == 13 ){ if(window[&quot;gf_submitting_39&quot;]){return false;} if( !jQuery(&quot;#gform_39&quot;)[0].checkValidity || jQuery(&quot;#gform_39&quot;)[0].checkValidity()){window[&quot;gf_submitting_39&quot;]=true;}  jQuery(&quot;#gform_39&quot;).trigger(&quot;submit&quot;,[true]); }\"> \n            <input type=\"hidden\" class=\"gform_hidden\" name=\"is_submit_39\" value=\"1\">\n            <input type=\"hidden\" class=\"gform_hidden\" name=\"gform_submit\" value=\"39\">\n            \n            <input type=\"hidden\" class=\"gform_hidden\" name=\"gform_unique_id\" value>\n            <input type=\"hidden\" class=\"gform_hidden\" name=\"state_39\" value=\"WyJ7XCIxMFwiOltcIjZkOWNkNTdlOTc4MGY3MTI5ZWNjNzI5YTRhMWE5YjhiXCIsXCJmOTI4YTlkNTU1YjFjODZhYzA4ZmE4ODQwYzI1MWUzN1wiLFwiMGYwYzNlMTliNDZlY2NlYTJmNTU3MTVkMzI3M2ZiN2ZcIl0sXCIxMy4xXCI6XCJkN2JiNGUzMmYxNDQzNTE2ODE0YzMyOTUyNGZhMTEyOVwiLFwiMTMuMlwiOlwiOGI1NGM3MjAwMjZkNzU1N2FjNmE2ZmVjMmUyYmNkODZcIn0iLCJiZjU0NDk4NTEwZDFmMGFhYjUyYzAzZDkyNDY5ZjQ1MSJd\">\n            <input type=\"hidden\" class=\"gform_hidden\" name=\"gform_target_page_number_39\" id=\"gform_target_page_number_39\" value=\"0\">\n            <input type=\"hidden\" class=\"gform_hidden\" name=\"gform_source_page_number_39\" id=\"gform_source_page_number_39\" value=\"1\">\n            <input type=\"hidden\" name=\"gform_field_values\" value>\n            \n        <\/div>\n                        <\/form>\n                        <\/div><script>\ngform.initializeOnLoaded( function() {gformInitSpinner( 39, 'https:\/\/plateforme.hopital-foch.com\/wp-content\/plugins\/gravityforms\/images\/spinner.svg', true );jQuery('#gform_ajax_frame_39').on('load',function(){var contents = jQuery(this).contents().find('*').html();var is_postback = contents.indexOf('GF_AJAX_POSTBACK') >= 0;if(!is_postback){return;}var form_content = jQuery(this).contents().find('#gform_wrapper_39');var is_confirmation = jQuery(this).contents().find('#gform_confirmation_wrapper_39').length > 0;var is_redirect = contents.indexOf('gformRedirect(){') >= 0;var is_form = form_content.length > 0 && ! is_redirect && ! is_confirmation;var mt = parseInt(jQuery('html').css('margin-top'), 10) + parseInt(jQuery('body').css('margin-top'), 10) + 100;if(is_form){jQuery('#gform_wrapper_39').html(form_content.html());if(form_content.hasClass('gform_validation_error')){jQuery('#gform_wrapper_39').addClass('gform_validation_error');} else {jQuery('#gform_wrapper_39').removeClass('gform_validation_error');}setTimeout( function() { \/* delay the scroll by 50 milliseconds to fix a bug in chrome *\/  }, 50 );if(window['gformInitDatepicker']) {gformInitDatepicker();}if(window['gformInitPriceFields']) {gformInitPriceFields();}var current_page = jQuery('#gform_source_page_number_39').val();gformInitSpinner( 39, 'https:\/\/plateforme.hopital-foch.com\/wp-content\/plugins\/gravityforms\/images\/spinner.svg', true );jQuery(document).trigger('gform_page_loaded', [39, current_page]);window['gf_submitting_39'] = false;}else if(!is_redirect){var confirmation_content = jQuery(this).contents().find('.GF_AJAX_POSTBACK').html();if(!confirmation_content){confirmation_content = contents;}setTimeout(function(){jQuery('#gform_wrapper_39').replaceWith(confirmation_content);jQuery(document).trigger('gform_confirmation_loaded', [39]);window['gf_submitting_39'] = false;wp.a11y.speak(jQuery('#gform_confirmation_message_39').text());}, 50);}else{jQuery('#gform_39').append(contents);if(window['gformRedirect']) {gformRedirect();}}jQuery(document).trigger('gform_post_render', [39, current_page]);gform.utils.trigger({ event: 'gform\/postRender', native: false, data: { formId: 39, currentPage: current_page } });} );} );\n<\/script>\n","protected":false},"excerpt":{"rendered":"","protected":false},"author":12,"featured_media":0,"parent":0,"menu_order":0,"comment_status":"closed","ping_status":"closed","template":"","meta":{"inline_featured_image":false,"wp_typography_post_enhancements_disabled":false,"site-sidebar-layout":"default","site-content-layout":"default","ast-global-header-display":"","ast-banner-title-visibility":"","ast-main-header-display":"","ast-hfb-above-header-display":"","ast-hfb-below-header-display":"","ast-hfb-mobile-header-display":"","site-post-title":"","ast-breadcrumbs-content":"","ast-featured-img":"","footer-sml-layout":"","theme-transparent-header-meta":"","adv-header-id-meta":"","stick-header-meta":"","header-above-stick-meta":"","header-main-stick-meta":"","header-below-stick-meta":""},"_links":{"self":[{"href":"https:\/\/plateforme.hopital-foch.com\/fr\/wp-json\/wp\/v2\/pages\/1254"}],"collection":[{"href":"https:\/\/plateforme.hopital-foch.com\/fr\/wp-json\/wp\/v2\/pages"}],"about":[{"href":"https:\/\/plateforme.hopital-foch.com\/fr\/wp-json\/wp\/v2\/types\/page"}],"author":[{"embeddable":true,"href":"https:\/\/plateforme.hopital-foch.com\/fr\/wp-json\/wp\/v2\/users\/12"}],"replies":[{"embeddable":true,"href":"https:\/\/plateforme.hopital-foch.com\/fr\/wp-json\/wp\/v2\/comments?post=1254"}],"version-history":[{"count":1,"href":"https:\/\/plateforme.hopital-foch.com\/fr\/wp-json\/wp\/v2\/pages\/1254\/revisions"}],"predecessor-version":[{"id":1255,"href":"https:\/\/plateforme.hopital-foch.com\/fr\/wp-json\/wp\/v2\/pages\/1254\/revisions\/1255"}],"wp:attachment":[{"href":"https:\/\/plateforme.hopital-foch.com\/fr\/wp-json\/wp\/v2\/media?parent=1254"}],"curies":[{"name":"wp","href":"https:\/\/api.w.org\/{rel}","templated":true}]}}