{"id":958,"date":"2021-09-24T10:16:37","date_gmt":"2021-09-24T08:16:37","guid":{"rendered":"https:\/\/plateforme.hopital-foch.com\/?page_id=958"},"modified":"2021-09-27T10:42:26","modified_gmt":"2021-09-27T08:42:26","slug":"prise-de-contact-pma","status":"publish","type":"page","link":"https:\/\/plateforme.hopital-foch.com\/fr\/prise-de-contact-pma\/","title":{"rendered":"Prise de contact PMA"},"content":{"rendered":"<script type=\"text\/javascript\">var gform;gform||(document.addEventListener(\"gform_main_scripts_loaded\",function(){gform.scriptsLoaded=!0}),window.addEventListener(\"DOMContentLoaded\",function(){gform.domLoaded=!0}),gform={domLoaded:!1,scriptsLoaded:!1,initializeOnLoaded:function(o){gform.domLoaded&&gform.scriptsLoaded?o():!gform.domLoaded&&gform.scriptsLoaded?window.addEventListener(\"DOMContentLoaded\",o):document.addEventListener(\"gform_main_scripts_loaded\",o)},hooks:{action:{},filter:{}},addAction:function(o,n,r,t){gform.addHook(\"action\",o,n,r,t)},addFilter:function(o,n,r,t){gform.addHook(\"filter\",o,n,r,t)},doAction:function(o){gform.doHook(\"action\",o,arguments)},applyFilters:function(o){return gform.doHook(\"filter\",o,arguments)},removeAction:function(o,n){gform.removeHook(\"action\",o,n)},removeFilter:function(o,n,r){gform.removeHook(\"filter\",o,n,r)},addHook:function(o,n,r,t,i){null==gform.hooks[o][n]&&(gform.hooks[o][n]=[]);var e=gform.hooks[o][n];null==i&&(i=n+\"_\"+e.length),gform.hooks[o][n].push({tag:i,callable:r,priority:t=null==t?10:t})},doHook:function(n,o,r){var t;if(r=Array.prototype.slice.call(r,1),null!=gform.hooks[n][o]&&((o=gform.hooks[n][o]).sort(function(o,n){return o.priority-n.priority}),o.forEach(function(o){\"function\"!=typeof(t=o.callable)&&(t=window[t]),\"action\"==n?t.apply(null,r):r[0]=t.apply(null,r)})),\"filter\"==n)return r[0]},removeHook:function(o,n,t,i){var r;null!=gform.hooks[o][n]&&(r=(r=gform.hooks[o][n]).filter(function(o,n,r){return!!(null!=i&&i!=o.tag||null!=t&&t!=o.priority)}),gform.hooks[o][n]=r)}});<\/script>\n                <div class=\"gf_browser_gecko gform_wrapper gform_legacy_markup_wrapper gform-theme--no-framework\" data-form-theme=\"legacy\" data-form-index=\"0\" id=\"gform_wrapper_9\">\n                        <div class=\"gform_heading\">\n                            <p class=\"gform_description\">Nous nous engageons \u00e0 vous rappeler dans les 48 heures afin de convenir ensemble d\u2019une date de rendez-vous.<\/p>\n                        <\/div><form method=\"post\" enctype=\"multipart\/form-data\" id=\"gform_9\" action=\"\/fr\/wp-json\/wp\/v2\/pages\/958\" data-formid=\"9\" novalidate>\n                        <div class=\"gform-body gform_body\"><ul id=\"gform_fields_9\" class=\"gform_fields top_label form_sublabel_below description_below\"><li id=\"field_9_1\" class=\"gfield gfield--type-name gfield_contains_required field_sublabel_below gfield--no-description field_description_below gfield_visibility_visible\" data-js-reload=\"field_9_1\"><label class=\"gfield_label gform-field-label gfield_label_before_complex\">Identit\u00e9<span class=\"gfield_required\"><span class=\"gfield_required gfield_required_asterisk\">*<\/span><\/span><\/label><div class=\"ginput_complex ginput_container ginput_container--name no_prefix has_first_name no_middle_name has_last_name no_suffix gf_name_has_2 ginput_container_name gform-grid-row\" id=\"input_9_1\">\n                            \n                            <span id=\"input_9_1_3_container\" class=\"name_first gform-grid-col gform-grid-col--size-auto\">\n                                                    <input type=\"text\" name=\"input_1.3\" id=\"input_9_1_3\" value aria-required=\"true\">\n                                                    <label for=\"input_9_1_3\" class=\"gform-field-label gform-field-label--type-sub \">Pr\u00e9nom<\/label>\n                                                <\/span>\n                            \n                            <span id=\"input_9_1_6_container\" class=\"name_last gform-grid-col gform-grid-col--size-auto\">\n                                                    <input type=\"text\" name=\"input_1.6\" id=\"input_9_1_6\" value aria-required=\"true\">\n                                                    <label for=\"input_9_1_6\" class=\"gform-field-label gform-field-label--type-sub \">Nom<\/label>\n                                                <\/span>\n                            \n                        <\/div><\/li><li id=\"field_9_2\" class=\"gfield gfield--type-date gfield--input-type-datefield gfield_contains_required field_sublabel_below gfield--no-description field_description_below gfield_visibility_visible\" data-js-reload=\"field_9_2\"><label class=\"gfield_label gform-field-label gfield_label_before_complex\">Date de naissance<span class=\"gfield_required\"><span class=\"gfield_required gfield_required_asterisk\">*<\/span><\/span><\/label><div id=\"input_9_2\" class=\"ginput_container ginput_complex gform-grid-row\"><div class=\"clear-multi\">\n                                        <div class=\"gfield_date_day ginput_container ginput_container_date gform-grid-col\" id=\"input_9_2_2_container\">\n                                            <input type=\"number\" name=\"input_2[]\" id=\"input_9_2_2\" value aria-required=\"true\" placeholder=\"JJ\" min=\"1\" max=\"31\" step=\"1\">\n                                            <label for=\"input_9_2_2\" class=\"gform-field-label gform-field-label--type-sub screen-reader-text\">Jour<\/label>\n                                        <\/div><div class=\"gfield_date_month ginput_container ginput_container_date gform-grid-col\" id=\"input_9_2_1_container\">\n                                        <input type=\"number\" name=\"input_2[]\" id=\"input_9_2_1\" value aria-required=\"true\" placeholder=\"MM\" min=\"1\" max=\"12\" step=\"1\">\n                                        <label for=\"input_9_2_1\" class=\"gform-field-label gform-field-label--type-sub screen-reader-text\">Mois<\/label>\n                                   <\/div><div class=\"gfield_date_year ginput_container ginput_container_date gform-grid-col\" id=\"input_9_2_3_container\">\n                                        <input type=\"number\" name=\"input_2[]\" id=\"input_9_2_3\" value aria-required=\"true\" placeholder=\"AAAA\" min=\"1920\" max=\"2027\" step=\"1\">\n                                        <label for=\"input_9_2_3\" class=\"gform-field-label gform-field-label--type-sub screen-reader-text\">Ann\u00e9e<\/label>\n                                   <\/div>\n                                <\/div><\/div><\/li><li id=\"field_9_3\" class=\"gfield gfield--type-email gfield_contains_required field_sublabel_below gfield--no-description field_description_below gfield_visibility_visible\" data-js-reload=\"field_9_3\"><label class=\"gfield_label gform-field-label\" for=\"input_9_3\">Email<span class=\"gfield_required\"><span class=\"gfield_required gfield_required_asterisk\">*<\/span><\/span><\/label><div class=\"ginput_container ginput_container_email\">\n                            <input name=\"input_3\" id=\"input_9_3\" type=\"email\" value class=\"small\" aria-required=\"true\" aria-invalid=\"false\">\n                        <\/div><\/li><li id=\"field_9_4\" class=\"gfield gfield--type-phone gfield_contains_required field_sublabel_below gfield--no-description field_description_below gfield_visibility_visible\" data-js-reload=\"field_9_4\"><label class=\"gfield_label gform-field-label\" for=\"input_9_4\">T\u00e9l\u00e9phone<span class=\"gfield_required\"><span class=\"gfield_required gfield_required_asterisk\">*<\/span><\/span><\/label><div class=\"ginput_container ginput_container_phone\"><input name=\"input_4\" id=\"input_9_4\" type=\"tel\" value class=\"medium\" aria-required=\"true\" aria-invalid=\"false\"><\/div><\/li><li id=\"field_9_5\" class=\"gfield gfield--type-checkbox gfield--type-choice gfield_contains_required field_sublabel_below gfield--no-description field_description_below hidden_label gfield_visibility_visible\" data-js-reload=\"field_9_5\"><label class=\"gfield_label gform-field-label gfield_label_before_complex\">Privacy<span class=\"gfield_required\"><span class=\"gfield_required gfield_required_asterisk\">*<\/span><\/span><\/label><div class=\"ginput_container ginput_container_checkbox\"><ul class=\"gfield_checkbox\" id=\"input_9_5\"><li class=\"gchoice gchoice_9_5_1\">\n\t\t\t\t\t\t\t\t<input class=\"gfield-choice-input\" name=\"input_5.1\" type=\"checkbox\" value=\"true\" id=\"choice_9_5_1\">\n\t\t\t\t\t\t\t\t<label for=\"choice_9_5_1\" id=\"label_9_5_1\" class=\"gform-field-label gform-field-label--type-inline\">En cochant cette case et en soumettant ce formulaire, j\u2019accepte que mes donn\u00e9es personnelles soient envoy\u00e9es \u00e0 l\u2019H\u00f4pital Foch qui les utilisera pour communiquer avec vous dans le strict respect des dispositions pr\u00e9vues par la loi.\nPour connaitre et exercer vos droits (notamment de retrait de votre consentement \u00e0 l\u2019utilisation de donn\u00e9es collect\u00e9es par ce formulaire), veuillez consulter notre page sur la <a target=\"_blank\" href=\"https:\/\/www.hopital-foch.com\/protection-des-donnees\/\" rel=\"noopener noreferrer\">Politique de confidentialit\u00e9<\/a> <abbr class=\"wpgdprc-required\" title=\"Vous ne pouvez soumettre ce formulaire sans accepter les conditions d'utilisation.\">*<\/abbr><\/label>\n\t\t\t\t\t\t\t<\/li><\/ul><\/div><\/li><li id=\"field_9_6\" class=\"gfield gfield--type-honeypot gform_validation_container field_sublabel_below gfield--has-description field_description_below gfield_visibility_visible\" data-js-reload=\"field_9_6\"><label class=\"gfield_label gform-field-label\" for=\"input_9_6\">Name<\/label><div class=\"ginput_container\"><input name=\"input_6\" id=\"input_9_6\" type=\"text\" value autocomplete=\"new-password\"><\/div><div class=\"gfield_description\" id=\"gfield_description_9_6\">Ce champ n\u2019est utilis\u00e9 qu\u2019\u00e0 des fins de validation et devrait rester inchang\u00e9.<\/div><\/li><\/ul><\/div>\n        <div class=\"gform_footer top_label\"> <input type=\"submit\" id=\"gform_submit_button_9\" class=\"gform_button button\" value=\"Envoyer\" onclick=\"if(window[&quot;gf_submitting_9&quot;]){return false;}  if( !jQuery(&quot;#gform_9&quot;)[0].checkValidity || jQuery(&quot;#gform_9&quot;)[0].checkValidity()){window[&quot;gf_submitting_9&quot;]=true;}  \" onkeypress=\"if( event.keyCode == 13 ){ if(window[&quot;gf_submitting_9&quot;]){return false;} if( !jQuery(&quot;#gform_9&quot;)[0].checkValidity || jQuery(&quot;#gform_9&quot;)[0].checkValidity()){window[&quot;gf_submitting_9&quot;]=true;}  jQuery(&quot;#gform_9&quot;).trigger(&quot;submit&quot;,[true]); }\"> \n            <input type=\"hidden\" class=\"gform_hidden\" name=\"is_submit_9\" value=\"1\">\n            <input type=\"hidden\" class=\"gform_hidden\" name=\"gform_submit\" value=\"9\">\n            \n            <input type=\"hidden\" class=\"gform_hidden\" name=\"gform_unique_id\" value>\n            <input type=\"hidden\" class=\"gform_hidden\" name=\"state_9\" value=\"WyJbXSIsImZlYzE5NjQ1YjVmZjMxNjJkMzc1ZDExNjAzMTRkYzQ3Il0=\">\n            <input type=\"hidden\" class=\"gform_hidden\" name=\"gform_target_page_number_9\" id=\"gform_target_page_number_9\" value=\"0\">\n            <input type=\"hidden\" class=\"gform_hidden\" name=\"gform_source_page_number_9\" id=\"gform_source_page_number_9\" value=\"1\">\n            <input type=\"hidden\" name=\"gform_field_values\" value>\n            \n        <\/div>\n                        <\/form>\n                        <\/div><script>\ngform.initializeOnLoaded( function() {gformInitSpinner( 9, 'https:\/\/plateforme.hopital-foch.com\/wp-content\/plugins\/gravityforms\/images\/spinner.svg', true );jQuery('#gform_ajax_frame_9').on('load',function(){var contents = jQuery(this).contents().find('*').html();var is_postback = contents.indexOf('GF_AJAX_POSTBACK') >= 0;if(!is_postback){return;}var form_content = jQuery(this).contents().find('#gform_wrapper_9');var is_confirmation = jQuery(this).contents().find('#gform_confirmation_wrapper_9').length > 0;var is_redirect = contents.indexOf('gformRedirect(){') >= 0;var is_form = form_content.length > 0 && ! is_redirect && ! is_confirmation;var mt = parseInt(jQuery('html').css('margin-top'), 10) + parseInt(jQuery('body').css('margin-top'), 10) + 100;if(is_form){jQuery('#gform_wrapper_9').html(form_content.html());if(form_content.hasClass('gform_validation_error')){jQuery('#gform_wrapper_9').addClass('gform_validation_error');} else {jQuery('#gform_wrapper_9').removeClass('gform_validation_error');}setTimeout( function() { \/* delay the scroll by 50 milliseconds to fix a bug in chrome *\/  }, 50 );if(window['gformInitDatepicker']) {gformInitDatepicker();}if(window['gformInitPriceFields']) {gformInitPriceFields();}var current_page = jQuery('#gform_source_page_number_9').val();gformInitSpinner( 9, 'https:\/\/plateforme.hopital-foch.com\/wp-content\/plugins\/gravityforms\/images\/spinner.svg', true );jQuery(document).trigger('gform_page_loaded', [9, current_page]);window['gf_submitting_9'] = false;}else if(!is_redirect){var confirmation_content = jQuery(this).contents().find('.GF_AJAX_POSTBACK').html();if(!confirmation_content){confirmation_content = contents;}setTimeout(function(){jQuery('#gform_wrapper_9').replaceWith(confirmation_content);jQuery(document).trigger('gform_confirmation_loaded', [9]);window['gf_submitting_9'] = false;wp.a11y.speak(jQuery('#gform_confirmation_message_9').text());}, 50);}else{jQuery('#gform_9').append(contents);if(window['gformRedirect']) {gformRedirect();}}jQuery(document).trigger('gform_post_render', [9, current_page]);gform.utils.trigger({ event: 'gform\/postRender', native: false, data: { formId: 9, currentPage: current_page } });} );} );\n<\/script>\n","protected":false},"excerpt":{"rendered":"","protected":false},"author":12,"featured_media":0,"parent":0,"menu_order":0,"comment_status":"closed","ping_status":"closed","template":"","meta":{"inline_featured_image":false,"wp_typography_post_enhancements_disabled":false,"site-sidebar-layout":"default","site-content-layout":"default","ast-global-header-display":"","ast-banner-title-visibility":"","ast-main-header-display":"","ast-hfb-above-header-display":"","ast-hfb-below-header-display":"","ast-hfb-mobile-header-display":"","site-post-title":"","ast-breadcrumbs-content":"","ast-featured-img":"","footer-sml-layout":"","theme-transparent-header-meta":"default","adv-header-id-meta":"","stick-header-meta":"","header-above-stick-meta":"","header-main-stick-meta":"","header-below-stick-meta":""},"_links":{"self":[{"href":"https:\/\/plateforme.hopital-foch.com\/fr\/wp-json\/wp\/v2\/pages\/958"}],"collection":[{"href":"https:\/\/plateforme.hopital-foch.com\/fr\/wp-json\/wp\/v2\/pages"}],"about":[{"href":"https:\/\/plateforme.hopital-foch.com\/fr\/wp-json\/wp\/v2\/types\/page"}],"author":[{"embeddable":true,"href":"https:\/\/plateforme.hopital-foch.com\/fr\/wp-json\/wp\/v2\/users\/12"}],"replies":[{"embeddable":true,"href":"https:\/\/plateforme.hopital-foch.com\/fr\/wp-json\/wp\/v2\/comments?post=958"}],"version-history":[{"count":8,"href":"https:\/\/plateforme.hopital-foch.com\/fr\/wp-json\/wp\/v2\/pages\/958\/revisions"}],"predecessor-version":[{"id":1044,"href":"https:\/\/plateforme.hopital-foch.com\/fr\/wp-json\/wp\/v2\/pages\/958\/revisions\/1044"}],"wp:attachment":[{"href":"https:\/\/plateforme.hopital-foch.com\/fr\/wp-json\/wp\/v2\/media?parent=958"}],"curies":[{"name":"wp","href":"https:\/\/api.w.org\/{rel}","templated":true}]}}